{"id":56,"date":"2021-07-06T12:52:11","date_gmt":"2021-07-06T09:52:11","guid":{"rendered":"http:\/\/www.sushilinja.fi\/?page_id=56"},"modified":"2021-09-16T23:23:17","modified_gmt":"2021-09-16T20:23:17","slug":"ota-yhteytta","status":"publish","type":"page","link":"https:\/\/www.sushilinja.fi\/index.php\/ota-yhteytta\/","title":{"rendered":"Ota yhteytt\u00e4"},"content":{"rendered":"\t\t<div data-elementor-type=\"wp-page\" data-elementor-id=\"56\" class=\"elementor elementor-56\" data-elementor-settings=\"[]\">\n\t\t\t\t\t\t\t<div class=\"elementor-section-wrap\">\n\t\t\t\t\t\t\t<section class=\"elementor-section elementor-top-section elementor-element elementor-element-e1699f3 elementor-section-boxed elementor-section-height-default elementor-section-height-default\" data-id=\"e1699f3\" data-element_type=\"section\">\n\t\t\t\t\t\t<div class=\"elementor-container elementor-column-gap-default\">\n\t\t\t\t\t<div class=\"elementor-column elementor-col-100 elementor-top-column elementor-element elementor-element-7cce2d6\" data-id=\"7cce2d6\" data-element_type=\"column\">\n\t\t\t<div class=\"elementor-widget-wrap elementor-element-populated\">\n\t\t\t\t\t\t\t\t<div class=\"elementor-element elementor-element-06280d3 elementor-widget elementor-widget-heading\" data-id=\"06280d3\" data-element_type=\"widget\" data-widget_type=\"heading.default\">\n\t\t\t\t<div class=\"elementor-widget-container\">\n\t\t\t<h2 class=\"elementor-heading-title elementor-size-xl\">Ota yhteytt\u00e4<\/h2>\t\t<\/div>\n\t\t\t\t<\/div>\n\t\t\t\t\t<\/div>\n\t\t<\/div>\n\t\t\t\t\t\t\t<\/div>\n\t\t<\/section>\n\t\t\t\t<section class=\"elementor-section elementor-top-section elementor-element elementor-element-31ad8ed elementor-section-boxed elementor-section-height-default elementor-section-height-default\" data-id=\"31ad8ed\" data-element_type=\"section\">\n\t\t\t\t\t\t<div class=\"elementor-container elementor-column-gap-default\">\n\t\t\t\t\t<div class=\"elementor-column elementor-col-50 elementor-top-column elementor-element elementor-element-8b42fcc\" data-id=\"8b42fcc\" data-element_type=\"column\">\n\t\t\t<div class=\"elementor-widget-wrap elementor-element-populated\">\n\t\t\t\t\t\t\t\t<div class=\"elementor-element elementor-element-beb87be elementor-widget elementor-widget-text-editor\" data-id=\"beb87be\" data-element_type=\"widget\" data-widget_type=\"text-editor.default\">\n\t\t\t\t<div class=\"elementor-widget-container\">\n\t\t\t\t\t\t\t\t<p><strong>Makusep\u00e4t Oy<\/strong><\/p><p><strong>Sushilinja Suomi<\/strong><\/p><p><strong>Y-tunnus: 3198037-1<\/strong><\/p><p><strong>ALV: FI31980371<\/strong><\/p><p><strong>info@sushilinja.fi<\/strong><\/p><p>\u00a0<\/p><p><strong><style type=\"text\/css\"><b>td {border: 1px solid #ccc;}br {mso-data-placement:same-cell;}<\/b><\/style><\/strong><\/p><p>\u00a0<\/p>\t\t\t\t\t\t<\/div>\n\t\t\t\t<\/div>\n\t\t\t\t\t<\/div>\n\t\t<\/div>\n\t\t\t\t<div class=\"elementor-column elementor-col-50 elementor-top-column elementor-element elementor-element-c2516b3\" data-id=\"c2516b3\" data-element_type=\"column\">\n\t\t\t<div class=\"elementor-widget-wrap\">\n\t\t\t\t\t\t\t\t\t<\/div>\n\t\t<\/div>\n\t\t\t\t\t\t\t<\/div>\n\t\t<\/section>\n\t\t\t\t\t\t<\/div>\n\t\t\t\t\t<\/div>\n\t\t","protected":false},"excerpt":{"rendered":"<p>Ota yhteytt\u00e4 Makusep\u00e4t Oy Sushilinja Suomi Y-tunnus: 3198037-1 ALV: FI31980371 info@sushilinja.fi \u00a0 \u00a0<\/p>\n","protected":false},"author":1,"featured_media":0,"parent":0,"menu_order":0,"comment_status":"closed","ping_status":"closed","template":"","meta":[],"yoast_head":"<!-- This site is optimized with the Yoast SEO plugin v16.7 - https:\/\/yoast.com\/wordpress\/plugins\/seo\/ -->\n<title>Ota yhteytt\u00e4<\/title>\n<meta name=\"robots\" content=\"index, follow, max-snippet:-1, max-image-preview:large, max-video-preview:-1\" \/>\n<link rel=\"canonical\" href=\"https:\/\/www.sushilinja.fi\/index.php\/ota-yhteytta\/\" \/>\n<meta property=\"og:locale\" content=\"fi_FI\" \/>\n<meta property=\"og:type\" content=\"article\" \/>\n<meta property=\"og:title\" content=\"Ota yhteytt\u00e4\" \/>\n<meta property=\"og:description\" content=\"Ota yhteytt\u00e4 Makusep\u00e4t Oy Sushilinja Suomi Y-tunnus: 3198037-1 ALV: FI31980371 info@sushilinja.fi \u00a0 \u00a0\" \/>\n<meta property=\"og:url\" content=\"https:\/\/www.sushilinja.fi\/index.php\/ota-yhteytta\/\" \/>\n<meta property=\"article:modified_time\" content=\"2021-09-16T20:23:17+00:00\" \/>\n<meta name=\"twitter:card\" content=\"summary_large_image\" \/>\n<meta name=\"twitter:label1\" content=\"Arvioitu lukuaika\" \/>\n\t<meta name=\"twitter:data1\" content=\"1 minuutti\" \/>\n<script type=\"application\/ld+json\" class=\"yoast-schema-graph\">{\"@context\":\"https:\/\/schema.org\",\"@graph\":[{\"@type\":\"Organization\",\"@id\":\"https:\/\/www.sushilinja.fi\/#organization\",\"name\":\"Sushilinja\",\"url\":\"https:\/\/www.sushilinja.fi\/\",\"sameAs\":[],\"logo\":{\"@type\":\"ImageObject\",\"@id\":\"https:\/\/www.sushilinja.fi\/#logo\",\"inLanguage\":\"fi\",\"url\":\"https:\/\/www.sushilinja.fi\/wp-content\/uploads\/2021\/07\/logo512-1.jpg\",\"contentUrl\":\"https:\/\/www.sushilinja.fi\/wp-content\/uploads\/2021\/07\/logo512-1.jpg\",\"width\":513,\"height\":512,\"caption\":\"Sushilinja\"},\"image\":{\"@id\":\"https:\/\/www.sushilinja.fi\/#logo\"}},{\"@type\":\"WebSite\",\"@id\":\"https:\/\/www.sushilinja.fi\/#website\",\"url\":\"https:\/\/www.sushilinja.fi\/\",\"name\":\"\",\"description\":\"\",\"publisher\":{\"@id\":\"https:\/\/www.sushilinja.fi\/#organization\"},\"potentialAction\":[{\"@type\":\"SearchAction\",\"target\":{\"@type\":\"EntryPoint\",\"urlTemplate\":\"https:\/\/www.sushilinja.fi\/?s={search_term_string}\"},\"query-input\":\"required name=search_term_string\"}],\"inLanguage\":\"fi\"},{\"@type\":\"WebPage\",\"@id\":\"https:\/\/www.sushilinja.fi\/index.php\/ota-yhteytta\/#webpage\",\"url\":\"https:\/\/www.sushilinja.fi\/index.php\/ota-yhteytta\/\",\"name\":\"Ota yhteytt\\u00e4\",\"isPartOf\":{\"@id\":\"https:\/\/www.sushilinja.fi\/#website\"},\"datePublished\":\"2021-07-06T09:52:11+00:00\",\"dateModified\":\"2021-09-16T20:23:17+00:00\",\"breadcrumb\":{\"@id\":\"https:\/\/www.sushilinja.fi\/index.php\/ota-yhteytta\/#breadcrumb\"},\"inLanguage\":\"fi\",\"potentialAction\":[{\"@type\":\"ReadAction\",\"target\":[\"https:\/\/www.sushilinja.fi\/index.php\/ota-yhteytta\/\"]}]},{\"@type\":\"BreadcrumbList\",\"@id\":\"https:\/\/www.sushilinja.fi\/index.php\/ota-yhteytta\/#breadcrumb\",\"itemListElement\":[{\"@type\":\"ListItem\",\"position\":1,\"name\":\"Etusivu\",\"item\":\"https:\/\/www.sushilinja.fi\/\"},{\"@type\":\"ListItem\",\"position\":2,\"name\":\"Ota yhteytt\\u00e4\"}]}]}<\/script>\n<!-- \/ Yoast SEO plugin. -->","yoast_head_json":{"title":"Ota yhteytt\u00e4","robots":{"index":"index","follow":"follow","max-snippet":"max-snippet:-1","max-image-preview":"max-image-preview:large","max-video-preview":"max-video-preview:-1"},"canonical":"https:\/\/www.sushilinja.fi\/index.php\/ota-yhteytta\/","og_locale":"fi_FI","og_type":"article","og_title":"Ota yhteytt\u00e4","og_description":"Ota yhteytt\u00e4 Makusep\u00e4t Oy Sushilinja Suomi Y-tunnus: 3198037-1 ALV: FI31980371 info@sushilinja.fi \u00a0 \u00a0","og_url":"https:\/\/www.sushilinja.fi\/index.php\/ota-yhteytta\/","article_modified_time":"2021-09-16T20:23:17+00:00","twitter_card":"summary_large_image","twitter_misc":{"Arvioitu lukuaika":"1 minuutti"},"schema":{"@context":"https:\/\/schema.org","@graph":[{"@type":"Organization","@id":"https:\/\/www.sushilinja.fi\/#organization","name":"Sushilinja","url":"https:\/\/www.sushilinja.fi\/","sameAs":[],"logo":{"@type":"ImageObject","@id":"https:\/\/www.sushilinja.fi\/#logo","inLanguage":"fi","url":"https:\/\/www.sushilinja.fi\/wp-content\/uploads\/2021\/07\/logo512-1.jpg","contentUrl":"https:\/\/www.sushilinja.fi\/wp-content\/uploads\/2021\/07\/logo512-1.jpg","width":513,"height":512,"caption":"Sushilinja"},"image":{"@id":"https:\/\/www.sushilinja.fi\/#logo"}},{"@type":"WebSite","@id":"https:\/\/www.sushilinja.fi\/#website","url":"https:\/\/www.sushilinja.fi\/","name":"","description":"","publisher":{"@id":"https:\/\/www.sushilinja.fi\/#organization"},"potentialAction":[{"@type":"SearchAction","target":{"@type":"EntryPoint","urlTemplate":"https:\/\/www.sushilinja.fi\/?s={search_term_string}"},"query-input":"required name=search_term_string"}],"inLanguage":"fi"},{"@type":"WebPage","@id":"https:\/\/www.sushilinja.fi\/index.php\/ota-yhteytta\/#webpage","url":"https:\/\/www.sushilinja.fi\/index.php\/ota-yhteytta\/","name":"Ota yhteytt\u00e4","isPartOf":{"@id":"https:\/\/www.sushilinja.fi\/#website"},"datePublished":"2021-07-06T09:52:11+00:00","dateModified":"2021-09-16T20:23:17+00:00","breadcrumb":{"@id":"https:\/\/www.sushilinja.fi\/index.php\/ota-yhteytta\/#breadcrumb"},"inLanguage":"fi","potentialAction":[{"@type":"ReadAction","target":["https:\/\/www.sushilinja.fi\/index.php\/ota-yhteytta\/"]}]},{"@type":"BreadcrumbList","@id":"https:\/\/www.sushilinja.fi\/index.php\/ota-yhteytta\/#breadcrumb","itemListElement":[{"@type":"ListItem","position":1,"name":"Etusivu","item":"https:\/\/www.sushilinja.fi\/"},{"@type":"ListItem","position":2,"name":"Ota yhteytt\u00e4"}]}]}},"_links":{"self":[{"href":"https:\/\/www.sushilinja.fi\/index.php\/wp-json\/wp\/v2\/pages\/56"}],"collection":[{"href":"https:\/\/www.sushilinja.fi\/index.php\/wp-json\/wp\/v2\/pages"}],"about":[{"href":"https:\/\/www.sushilinja.fi\/index.php\/wp-json\/wp\/v2\/types\/page"}],"author":[{"embeddable":true,"href":"https:\/\/www.sushilinja.fi\/index.php\/wp-json\/wp\/v2\/users\/1"}],"replies":[{"embeddable":true,"href":"https:\/\/www.sushilinja.fi\/index.php\/wp-json\/wp\/v2\/comments?post=56"}],"version-history":[{"count":19,"href":"https:\/\/www.sushilinja.fi\/index.php\/wp-json\/wp\/v2\/pages\/56\/revisions"}],"predecessor-version":[{"id":482,"href":"https:\/\/www.sushilinja.fi\/index.php\/wp-json\/wp\/v2\/pages\/56\/revisions\/482"}],"wp:attachment":[{"href":"https:\/\/www.sushilinja.fi\/index.php\/wp-json\/wp\/v2\/media?parent=56"}],"curies":[{"name":"wp","href":"https:\/\/api.w.org\/{rel}","templated":true}]}}