{"id":28,"date":"2021-07-06T12:17:33","date_gmt":"2021-07-06T09:17:33","guid":{"rendered":"http:\/\/www.sushilinja.fi\/?page_id=28"},"modified":"2021-10-25T12:29:34","modified_gmt":"2021-10-25T09:29:34","slug":"etusivu","status":"publish","type":"page","link":"https:\/\/www.sushilinja.fi\/","title":{"rendered":"Sushilinja"},"content":{"rendered":"\t\t<div data-elementor-type=\"wp-page\" data-elementor-id=\"28\" class=\"elementor elementor-28\" data-elementor-settings=\"[]\">\n\t\t\t\t\t\t\t<div class=\"elementor-section-wrap\">\n\t\t\t\t\t\t\t<section class=\"elementor-section elementor-top-section elementor-element elementor-element-8fe65f1 elementor-section-boxed elementor-section-height-default elementor-section-height-default\" data-id=\"8fe65f1\" data-element_type=\"section\">\n\t\t\t\t\t\t<div class=\"elementor-container elementor-column-gap-default\">\n\t\t\t\t\t<div class=\"elementor-column elementor-col-100 elementor-top-column elementor-element elementor-element-63f92e4\" data-id=\"63f92e4\" data-element_type=\"column\">\n\t\t\t<div class=\"elementor-widget-wrap elementor-element-populated\">\n\t\t\t\t\t\t\t\t<div class=\"elementor-element elementor-element-c109045 elementor-widget elementor-widget-spacer\" data-id=\"c109045\" data-element_type=\"widget\" data-widget_type=\"spacer.default\">\n\t\t\t\t<div class=\"elementor-widget-container\">\n\t\t\t\t\t<div class=\"elementor-spacer\">\n\t\t\t<div class=\"elementor-spacer-inner\"><\/div>\n\t\t<\/div>\n\t\t\t\t<\/div>\n\t\t\t\t<\/div>\n\t\t\t\t<div class=\"elementor-element elementor-element-2a86153 elementor-widget elementor-widget-heading\" data-id=\"2a86153\" data-element_type=\"widget\" data-widget_type=\"heading.default\">\n\t\t\t\t<div class=\"elementor-widget-container\">\n\t\t\t<h1 class=\"elementor-heading-title elementor-size-default\">Tervetuloa herkullisten sushien maailmaan<\/h1>\t\t<\/div>\n\t\t\t\t<\/div>\n\t\t\t\t<div class=\"elementor-element elementor-element-50a3a9e elementor-widget__width-inherit elementor-arrows-position-inside elementor-pagination-position-outside elementor-widget elementor-widget-image-carousel\" data-id=\"50a3a9e\" data-element_type=\"widget\" data-settings=\"{&quot;slides_to_show&quot;:&quot;1&quot;,&quot;navigation&quot;:&quot;both&quot;,&quot;autoplay&quot;:&quot;yes&quot;,&quot;pause_on_hover&quot;:&quot;yes&quot;,&quot;pause_on_interaction&quot;:&quot;yes&quot;,&quot;autoplay_speed&quot;:5000,&quot;infinite&quot;:&quot;yes&quot;,&quot;effect&quot;:&quot;slide&quot;,&quot;speed&quot;:500}\" data-widget_type=\"image-carousel.default\">\n\t\t\t\t<div class=\"elementor-widget-container\">\n\t\t\t\t\t<div class=\"elementor-image-carousel-wrapper swiper-container\" dir=\"ltr\">\n\t\t\t<div class=\"elementor-image-carousel swiper-wrapper\">\n\t\t\t\t<div class=\"swiper-slide\"><figure class=\"swiper-slide-inner\"><img class=\"swiper-slide-image\" src=\"https:\/\/www.sushilinja.fi\/wp-content\/uploads\/2021\/07\/Maki-sushi_lepp__savukalalla_netti-1024x576.jpg\" alt=\"Maki-sushi_lepp__savukalalla_netti\" \/><\/figure><\/div><div class=\"swiper-slide\"><figure class=\"swiper-slide-inner\"><img class=\"swiper-slide-image\" src=\"https:\/\/www.sushilinja.fi\/wp-content\/uploads\/2021\/07\/60935420-24ea-11eb-a9e9-0251c8e4ee15_shutterstock_1470615731-1024x576.jpg\" alt=\"60935420-24ea-11eb-a9e9-0251c8e4ee15_shutterstock_1470615731\" \/><\/figure><\/div><div class=\"swiper-slide\"><figure class=\"swiper-slide-inner\"><img class=\"swiper-slide-image\" src=\"https:\/\/www.sushilinja.fi\/wp-content\/uploads\/2021\/07\/Sushit-lautasella-1920x1080-1-1024x576.jpg\" alt=\"Sushit-lautasella-1920x1080\" \/><\/figure><\/div>\t\t\t<\/div>\n\t\t\t\t\t\t\t\t\t\t\t\t<div class=\"swiper-pagination\"><\/div>\n\t\t\t\t\t\t\t\t\t\t\t\t\t<div class=\"elementor-swiper-button elementor-swiper-button-prev\">\n\t\t\t\t\t\t<i class=\"eicon-chevron-left\" aria-hidden=\"true\"><\/i>\n\t\t\t\t\t\t<span class=\"elementor-screen-only\">Edellinen<\/span>\n\t\t\t\t\t<\/div>\n\t\t\t\t\t<div class=\"elementor-swiper-button elementor-swiper-button-next\">\n\t\t\t\t\t\t<i class=\"eicon-chevron-right\" aria-hidden=\"true\"><\/i>\n\t\t\t\t\t\t<span class=\"elementor-screen-only\">Seuraava<\/span>\n\t\t\t\t\t<\/div>\n\t\t\t\t\t\t\t\t\t<\/div>\n\t\t\t\t<\/div>\n\t\t\t\t<\/div>\n\t\t\t\t<div class=\"elementor-element elementor-element-afb7a05 elementor-widget elementor-widget-spacer\" data-id=\"afb7a05\" data-element_type=\"widget\" data-widget_type=\"spacer.default\">\n\t\t\t\t<div class=\"elementor-widget-container\">\n\t\t\t\t\t<div class=\"elementor-spacer\">\n\t\t\t<div class=\"elementor-spacer-inner\"><\/div>\n\t\t<\/div>\n\t\t\t\t<\/div>\n\t\t\t\t<\/div>\n\t\t\t\t<div class=\"elementor-element elementor-element-50a9970 elementor-align-center elementor-widget elementor-widget-button\" data-id=\"50a9970\" data-element_type=\"widget\" data-widget_type=\"button.default\">\n\t\t\t\t<div class=\"elementor-widget-container\">\n\t\t\t\t\t<div class=\"elementor-button-wrapper\">\n\t\t\t<a href=\"https:\/\/www.sushilinja.fi\/index.php\/tilaamaan\" class=\"elementor-button-link elementor-button elementor-size-md\" role=\"button\">\n\t\t\t\t\t\t<span class=\"elementor-button-content-wrapper\">\n\t\t\t\t\t\t<span class=\"elementor-button-text\">Tilaamaan!<\/span>\n\t\t<\/span>\n\t\t\t\t\t<\/a>\n\t\t<\/div>\n\t\t\t\t<\/div>\n\t\t\t\t<\/div>\n\t\t\t\t<div class=\"elementor-element elementor-element-0c0d60e elementor-widget elementor-widget-heading\" data-id=\"0c0d60e\" data-element_type=\"widget\" data-widget_type=\"heading.default\">\n\t\t\t\t<div class=\"elementor-widget-container\">\n\t\t\t<h2 class=\"elementor-heading-title elementor-size-xl\">L\u00f6yd\u00e4t Sushilinja\u2122 t\u00e4\u00e4lt\u00e4<\/h2>\t\t<\/div>\n\t\t\t\t<\/div>\n\t\t\t\t\t<\/div>\n\t\t<\/div>\n\t\t\t\t\t\t\t<\/div>\n\t\t<\/section>\n\t\t\t\t<section class=\"elementor-section elementor-top-section elementor-element elementor-element-1a7a825 elementor-section-boxed elementor-section-height-default elementor-section-height-default\" data-id=\"1a7a825\" data-element_type=\"section\">\n\t\t\t\t\t\t<div class=\"elementor-container elementor-column-gap-default\">\n\t\t\t\t\t<div class=\"elementor-column elementor-col-100 elementor-top-column elementor-element elementor-element-bd12f02\" data-id=\"bd12f02\" data-element_type=\"column\">\n\t\t\t<div class=\"elementor-widget-wrap elementor-element-populated\">\n\t\t\t\t\t\t\t\t<div class=\"elementor-element elementor-element-40fa16d elementor-widget elementor-widget-html\" data-id=\"40fa16d\" data-element_type=\"widget\" data-widget_type=\"html.default\">\n\t\t\t\t<div class=\"elementor-widget-container\">\n\t\t\t<iframe loading=\"lazy\" src=\"https:\/\/www.google.com\/maps\/d\/embed?mid=1TKhG4EvSnMBJxhHAvsm0vSH7OwnBDrtR&hl=fi\" width=\"640\" height=\"480\"><\/iframe>\t\t<\/div>\n\t\t\t\t<\/div>\n\t\t\t\t\t<\/div>\n\t\t<\/div>\n\t\t\t\t\t\t\t<\/div>\n\t\t<\/section>\n\t\t\t\t\t\t<\/div>\n\t\t\t\t\t<\/div>\n\t\t","protected":false},"excerpt":{"rendered":"<p>Tervetuloa herkullisten sushien maailmaan Edellinen Seuraava Tilaamaan! L\u00f6yd\u00e4t Sushilinja\u2122 t\u00e4\u00e4lt\u00e4<\/p>\n","protected":false},"author":1,"featured_media":0,"parent":0,"menu_order":0,"comment_status":"closed","ping_status":"closed","template":"elementor_header_footer","meta":[],"yoast_head":"<!-- This site is optimized with the Yoast SEO plugin v16.7 - https:\/\/yoast.com\/wordpress\/plugins\/seo\/ -->\n<title>Sushilinja<\/title>\n<meta name=\"description\" content=\"Sushilinja valmistaa sushin vain parhaista raaka-aineista. Tee tilaus nettisivuillamme ja hae ateriasi myym\u00e4l\u00e4st\u00e4.\" \/>\n<meta name=\"robots\" content=\"index, follow, max-snippet:-1, max-image-preview:large, max-video-preview:-1\" \/>\n<link rel=\"canonical\" href=\"https:\/\/www.sushilinja.fi\/\" \/>\n<meta property=\"og:locale\" content=\"fi_FI\" \/>\n<meta property=\"og:type\" content=\"article\" \/>\n<meta property=\"og:title\" content=\"Sushilinja\" \/>\n<meta property=\"og:description\" content=\"Sushilinja valmistaa sushin vain parhaista raaka-aineista. Tee tilaus nettisivuillamme ja hae ateriasi myym\u00e4l\u00e4st\u00e4.\" \/>\n<meta property=\"og:url\" content=\"https:\/\/www.sushilinja.fi\/\" \/>\n<meta property=\"article:modified_time\" content=\"2021-10-25T09:29:34+00:00\" \/>\n<meta property=\"og:image\" content=\"https:\/\/www.sushilinja.fi\/wp-content\/uploads\/2021\/07\/Maki-sushi_lepp__savukalalla_netti-1024x576.jpg\" \/>\n<meta name=\"twitter:card\" content=\"summary_large_image\" \/>\n<meta name=\"twitter:label1\" content=\"Arvioitu lukuaika\" \/>\n\t<meta name=\"twitter:data1\" content=\"2 minuuttia\" \/>\n<script type=\"application\/ld+json\" class=\"yoast-schema-graph\">{\"@context\":\"https:\/\/schema.org\",\"@graph\":[{\"@type\":\"Organization\",\"@id\":\"https:\/\/www.sushilinja.fi\/#organization\",\"name\":\"Sushilinja\",\"url\":\"https:\/\/www.sushilinja.fi\/\",\"sameAs\":[],\"logo\":{\"@type\":\"ImageObject\",\"@id\":\"https:\/\/www.sushilinja.fi\/#logo\",\"inLanguage\":\"fi\",\"url\":\"https:\/\/www.sushilinja.fi\/wp-content\/uploads\/2021\/07\/logo512-1.jpg\",\"contentUrl\":\"https:\/\/www.sushilinja.fi\/wp-content\/uploads\/2021\/07\/logo512-1.jpg\",\"width\":513,\"height\":512,\"caption\":\"Sushilinja\"},\"image\":{\"@id\":\"https:\/\/www.sushilinja.fi\/#logo\"}},{\"@type\":\"WebSite\",\"@id\":\"https:\/\/www.sushilinja.fi\/#website\",\"url\":\"https:\/\/www.sushilinja.fi\/\",\"name\":\"\",\"description\":\"\",\"publisher\":{\"@id\":\"https:\/\/www.sushilinja.fi\/#organization\"},\"potentialAction\":[{\"@type\":\"SearchAction\",\"target\":{\"@type\":\"EntryPoint\",\"urlTemplate\":\"https:\/\/www.sushilinja.fi\/?s={search_term_string}\"},\"query-input\":\"required name=search_term_string\"}],\"inLanguage\":\"fi\"},{\"@type\":\"ImageObject\",\"@id\":\"https:\/\/www.sushilinja.fi\/#primaryimage\",\"inLanguage\":\"fi\",\"url\":\"https:\/\/www.sushilinja.fi\/wp-content\/uploads\/2021\/07\/Maki-sushi_lepp__savukalalla_netti.jpg\",\"contentUrl\":\"https:\/\/www.sushilinja.fi\/wp-content\/uploads\/2021\/07\/Maki-sushi_lepp__savukalalla_netti.jpg\",\"width\":1600,\"height\":900},{\"@type\":\"WebPage\",\"@id\":\"https:\/\/www.sushilinja.fi\/#webpage\",\"url\":\"https:\/\/www.sushilinja.fi\/\",\"name\":\"Sushilinja\",\"isPartOf\":{\"@id\":\"https:\/\/www.sushilinja.fi\/#website\"},\"primaryImageOfPage\":{\"@id\":\"https:\/\/www.sushilinja.fi\/#primaryimage\"},\"datePublished\":\"2021-07-06T09:17:33+00:00\",\"dateModified\":\"2021-10-25T09:29:34+00:00\",\"description\":\"Sushilinja valmistaa sushin vain parhaista raaka-aineista. Tee tilaus nettisivuillamme ja hae ateriasi myym\\u00e4l\\u00e4st\\u00e4.\",\"breadcrumb\":{\"@id\":\"https:\/\/www.sushilinja.fi\/#breadcrumb\"},\"inLanguage\":\"fi\",\"potentialAction\":[{\"@type\":\"ReadAction\",\"target\":[\"https:\/\/www.sushilinja.fi\/\"]}]},{\"@type\":\"BreadcrumbList\",\"@id\":\"https:\/\/www.sushilinja.fi\/#breadcrumb\",\"itemListElement\":[{\"@type\":\"ListItem\",\"position\":1,\"name\":\"Etusivu\",\"item\":\"https:\/\/www.sushilinja.fi\/\"},{\"@type\":\"ListItem\",\"position\":2,\"name\":\"Sushilinja\"}]}]}<\/script>\n<!-- \/ Yoast SEO plugin. -->","yoast_head_json":{"title":"Sushilinja","description":"Sushilinja valmistaa sushin vain parhaista raaka-aineista. Tee tilaus nettisivuillamme ja hae ateriasi myym\u00e4l\u00e4st\u00e4.","robots":{"index":"index","follow":"follow","max-snippet":"max-snippet:-1","max-image-preview":"max-image-preview:large","max-video-preview":"max-video-preview:-1"},"canonical":"https:\/\/www.sushilinja.fi\/","og_locale":"fi_FI","og_type":"article","og_title":"Sushilinja","og_description":"Sushilinja valmistaa sushin vain parhaista raaka-aineista. Tee tilaus nettisivuillamme ja hae ateriasi myym\u00e4l\u00e4st\u00e4.","og_url":"https:\/\/www.sushilinja.fi\/","article_modified_time":"2021-10-25T09:29:34+00:00","og_image":[{"url":"https:\/\/www.sushilinja.fi\/wp-content\/uploads\/2021\/07\/Maki-sushi_lepp__savukalalla_netti-1024x576.jpg"}],"twitter_card":"summary_large_image","twitter_misc":{"Arvioitu lukuaika":"2 minuuttia"},"schema":{"@context":"https:\/\/schema.org","@graph":[{"@type":"Organization","@id":"https:\/\/www.sushilinja.fi\/#organization","name":"Sushilinja","url":"https:\/\/www.sushilinja.fi\/","sameAs":[],"logo":{"@type":"ImageObject","@id":"https:\/\/www.sushilinja.fi\/#logo","inLanguage":"fi","url":"https:\/\/www.sushilinja.fi\/wp-content\/uploads\/2021\/07\/logo512-1.jpg","contentUrl":"https:\/\/www.sushilinja.fi\/wp-content\/uploads\/2021\/07\/logo512-1.jpg","width":513,"height":512,"caption":"Sushilinja"},"image":{"@id":"https:\/\/www.sushilinja.fi\/#logo"}},{"@type":"WebSite","@id":"https:\/\/www.sushilinja.fi\/#website","url":"https:\/\/www.sushilinja.fi\/","name":"","description":"","publisher":{"@id":"https:\/\/www.sushilinja.fi\/#organization"},"potentialAction":[{"@type":"SearchAction","target":{"@type":"EntryPoint","urlTemplate":"https:\/\/www.sushilinja.fi\/?s={search_term_string}"},"query-input":"required name=search_term_string"}],"inLanguage":"fi"},{"@type":"ImageObject","@id":"https:\/\/www.sushilinja.fi\/#primaryimage","inLanguage":"fi","url":"https:\/\/www.sushilinja.fi\/wp-content\/uploads\/2021\/07\/Maki-sushi_lepp__savukalalla_netti.jpg","contentUrl":"https:\/\/www.sushilinja.fi\/wp-content\/uploads\/2021\/07\/Maki-sushi_lepp__savukalalla_netti.jpg","width":1600,"height":900},{"@type":"WebPage","@id":"https:\/\/www.sushilinja.fi\/#webpage","url":"https:\/\/www.sushilinja.fi\/","name":"Sushilinja","isPartOf":{"@id":"https:\/\/www.sushilinja.fi\/#website"},"primaryImageOfPage":{"@id":"https:\/\/www.sushilinja.fi\/#primaryimage"},"datePublished":"2021-07-06T09:17:33+00:00","dateModified":"2021-10-25T09:29:34+00:00","description":"Sushilinja valmistaa sushin vain parhaista raaka-aineista. Tee tilaus nettisivuillamme ja hae ateriasi myym\u00e4l\u00e4st\u00e4.","breadcrumb":{"@id":"https:\/\/www.sushilinja.fi\/#breadcrumb"},"inLanguage":"fi","potentialAction":[{"@type":"ReadAction","target":["https:\/\/www.sushilinja.fi\/"]}]},{"@type":"BreadcrumbList","@id":"https:\/\/www.sushilinja.fi\/#breadcrumb","itemListElement":[{"@type":"ListItem","position":1,"name":"Etusivu","item":"https:\/\/www.sushilinja.fi\/"},{"@type":"ListItem","position":2,"name":"Sushilinja"}]}]}},"_links":{"self":[{"href":"https:\/\/www.sushilinja.fi\/index.php\/wp-json\/wp\/v2\/pages\/28"}],"collection":[{"href":"https:\/\/www.sushilinja.fi\/index.php\/wp-json\/wp\/v2\/pages"}],"about":[{"href":"https:\/\/www.sushilinja.fi\/index.php\/wp-json\/wp\/v2\/types\/page"}],"author":[{"embeddable":true,"href":"https:\/\/www.sushilinja.fi\/index.php\/wp-json\/wp\/v2\/users\/1"}],"replies":[{"embeddable":true,"href":"https:\/\/www.sushilinja.fi\/index.php\/wp-json\/wp\/v2\/comments?post=28"}],"version-history":[{"count":78,"href":"https:\/\/www.sushilinja.fi\/index.php\/wp-json\/wp\/v2\/pages\/28\/revisions"}],"predecessor-version":[{"id":498,"href":"https:\/\/www.sushilinja.fi\/index.php\/wp-json\/wp\/v2\/pages\/28\/revisions\/498"}],"wp:attachment":[{"href":"https:\/\/www.sushilinja.fi\/index.php\/wp-json\/wp\/v2\/media?parent=28"}],"curies":[{"name":"wp","href":"https:\/\/api.w.org\/{rel}","templated":true}]}}